{"id":12,"date":"2022-08-16T05:24:35","date_gmt":"2022-08-16T05:24:35","guid":{"rendered":"https:\/\/hamiltonbyyoop.com\/de\/?page_id=12"},"modified":"2023-03-12T16:04:01","modified_gmt":"2023-03-12T16:04:01","slug":"about-us","status":"publish","type":"page","link":"https:\/\/hamiltonbyyoop.com\/de\/about-us\/","title":{"rendered":"About us"},"content":{"rendered":"\t\t<div data-elementor-type=\"wp-page\" data-elementor-id=\"12\" class=\"elementor elementor-12\" data-elementor-post-type=\"page\">\n\t\t\t\t\t\t<section class=\"elementor-section elementor-top-section elementor-element elementor-element-2c07f17 elementor-section-boxed elementor-section-height-default elementor-section-height-default\" data-id=\"2c07f17\" data-element_type=\"section\">\n\t\t\t\t\t\t<div class=\"elementor-container elementor-column-gap-default\">\n\t\t\t\t\t<div class=\"elementor-column elementor-col-100 elementor-top-column elementor-element elementor-element-6a498cc\" data-id=\"6a498cc\" data-element_type=\"column\">\n\t\t\t<div class=\"elementor-widget-wrap elementor-element-populated\">\n\t\t\t\t\t\t<section class=\"elementor-section elementor-inner-section elementor-element elementor-element-fe4cc37 elementor-reverse-mobile elementor-section-boxed elementor-section-height-default elementor-section-height-default\" data-id=\"fe4cc37\" data-element_type=\"section\">\n\t\t\t\t\t\t<div class=\"elementor-container elementor-column-gap-default\">\n\t\t\t\t\t<div class=\"elementor-column elementor-col-50 elementor-inner-column elementor-element elementor-element-8571be2\" data-id=\"8571be2\" data-element_type=\"column\">\n\t\t\t<div class=\"elementor-widget-wrap elementor-element-populated\">\n\t\t\t\t\t\t<div class=\"elementor-element elementor-element-63e06a3 elementor-widget elementor-widget-heading\" data-id=\"63e06a3\" data-element_type=\"widget\" data-widget_type=\"heading.default\">\n\t\t\t\t<div class=\"elementor-widget-container\">\n\t\t\t<style>\/*! elementor - v3.21.0 - 26-05-2024 *\/\n.elementor-heading-title{padding:0;margin:0;line-height:1}.elementor-widget-heading .elementor-heading-title[class*=elementor-size-]>a{color:inherit;font-size:inherit;line-height:inherit}.elementor-widget-heading .elementor-heading-title.elementor-size-small{font-size:15px}.elementor-widget-heading .elementor-heading-title.elementor-size-medium{font-size:19px}.elementor-widget-heading .elementor-heading-title.elementor-size-large{font-size:29px}.elementor-widget-heading .elementor-heading-title.elementor-size-xl{font-size:39px}.elementor-widget-heading .elementor-heading-title.elementor-size-xxl{font-size:59px}<\/style><h2 class=\"elementor-heading-title elementor-size-default\">\u00dcber uns<\/h2>\t\t<\/div>\n\t\t\t\t<\/div>\n\t\t\t\t<div class=\"elementor-element elementor-element-4839563 elementor-widget__width-initial elementor-widget-tablet__width-inherit elementor-widget elementor-widget-text-editor\" data-id=\"4839563\" data-element_type=\"widget\" data-widget_type=\"text-editor.default\">\n\t\t\t\t<div class=\"elementor-widget-container\">\n\t\t\t<style>\/*! elementor - v3.21.0 - 26-05-2024 *\/\n.elementor-widget-text-editor.elementor-drop-cap-view-stacked .elementor-drop-cap{background-color:#69727d;color:#fff}.elementor-widget-text-editor.elementor-drop-cap-view-framed .elementor-drop-cap{color:#69727d;border:3px solid;background-color:transparent}.elementor-widget-text-editor:not(.elementor-drop-cap-view-default) .elementor-drop-cap{margin-top:8px}.elementor-widget-text-editor:not(.elementor-drop-cap-view-default) .elementor-drop-cap-letter{width:1em;height:1em}.elementor-widget-text-editor .elementor-drop-cap{float:left;text-align:center;line-height:1;font-size:50px}.elementor-widget-text-editor .elementor-drop-cap-letter{display:inline-block}<\/style>\t\t\t\tEine echte Innovation auf dem Kinderbuggy-Markt.\t\t\t\t\t\t<\/div>\n\t\t\t\t<\/div>\n\t\t\t\t<div class=\"elementor-element elementor-element-df0163c elementor-widget__width-initial elementor-widget-tablet__width-inherit elementor-widget elementor-widget-text-editor\" data-id=\"df0163c\" data-element_type=\"widget\" data-widget_type=\"text-editor.default\">\n\t\t\t\t<div class=\"elementor-widget-container\">\n\t\t\t\t\t\t\tDer selbstfaltende \u201eMagicFold\u201c-Kinderbuggy von Hamilton by yoop wurde f\u00fcr das moderne Leben in der Stadt, auf dem Land und im Urlaub entwickelt und bietet Komfort und Leichtigkeit mit nur \u201eeiner Hand\u201c.\t\t\t\t\t\t<\/div>\n\t\t\t\t<\/div>\n\t\t\t\t<div class=\"elementor-element elementor-element-137a706 elementor-widget__width-initial elementor-widget-tablet__width-inherit elementor-widget elementor-widget-text-editor\" data-id=\"137a706\" data-element_type=\"widget\" data-widget_type=\"text-editor.default\">\n\t\t\t\t<div class=\"elementor-widget-container\">\n\t\t\t\t\t\t\tDie Kombination aus unserem patentierten Einhand-Faltsystem mit unserem exklusiven magnetischen 5-Punkt-\u201eMagic\u201c-System bietet ein neues Ma\u00df an Komfort und Sicherheit.\nUnsere Mission ist es, allen M\u00fcttern und V\u00e4tern Bequemlichkeit und Entspannung bei den Herausforderungen des t\u00e4glichen Lebens zu bieten.\n\t\t\t\t\t\t<\/div>\n\t\t\t\t<\/div>\n\t\t\t\t<div class=\"elementor-element elementor-element-332a411 elementor-widget__width-initial elementor-widget-tablet__width-inherit elementor-widget elementor-widget-text-editor\" data-id=\"332a411\" data-element_type=\"widget\" data-widget_type=\"text-editor.default\">\n\t\t\t\t<div class=\"elementor-widget-container\">\n\t\t\t\t\t\t\tVon Geburt bis zum Alter von 4 Jahren erleichtert das kompakte Kinderbuggy- und Reisesystem \u201eEasy Everywhere\u201d von Hamilton by yoop das Elternsein.\t\t\t\t\t\t<\/div>\n\t\t\t\t<\/div>\n\t\t\t\t<div class=\"elementor-element elementor-element-273c508 elementor-widget__width-initial elementor-widget-tablet__width-inherit elementor-widget elementor-widget-text-editor\" data-id=\"273c508\" data-element_type=\"widget\" data-widget_type=\"text-editor.default\">\n\t\t\t\t<div class=\"elementor-widget-container\">\n\t\t\t\t\t\t\tHamilton by yoop ist in den Segmenten City-Komfort und Ultra-Kompakt aktiv. Die wichtigsten Merkmale sind Sicherheit, Einfachheit und leichtes Reisen.\t\t\t\t\t\t<\/div>\n\t\t\t\t<\/div>\n\t\t\t\t<div class=\"elementor-element elementor-element-dfc596a elementor-widget__width-initial elementor-widget-tablet__width-inherit elementor-widget elementor-widget-text-editor\" data-id=\"dfc596a\" data-element_type=\"widget\" data-widget_type=\"text-editor.default\">\n\t\t\t\t<div class=\"elementor-widget-container\">\n\t\t\t\t\t\t\tHamilton by yoop ist der smarte Kinderbuggy f\u00fcr kinderleichtes Elternsein!\t\t\t\t\t\t<\/div>\n\t\t\t\t<\/div>\n\t\t\t\t\t<\/div>\n\t\t<\/div>\n\t\t\t\t<div class=\"elementor-column elementor-col-50 elementor-inner-column elementor-element elementor-element-f5454cd\" data-id=\"f5454cd\" data-element_type=\"column\">\n\t\t\t<div class=\"elementor-widget-wrap elementor-element-populated\">\n\t\t\t\t\t\t<div class=\"elementor-element elementor-element-dbc7422 elementor-widget elementor-widget-image\" data-id=\"dbc7422\" data-element_type=\"widget\" data-widget_type=\"image.default\">\n\t\t\t\t<div class=\"elementor-widget-container\">\n\t\t\t<style>\/*! elementor - v3.21.0 - 26-05-2024 *\/\n.elementor-widget-image{text-align:center}.elementor-widget-image a{display:inline-block}.elementor-widget-image a img[src$=\".svg\"]{width:48px}.elementor-widget-image img{vertical-align:middle;display:inline-block}<\/style>\t\t\t\t\t\t\t\t\t\t<img fetchpriority=\"high\" decoding=\"async\" width=\"428\" height=\"521\" src=\"https:\/\/hamiltonbyyoop.com\/de\/wp-content\/uploads\/sites\/5\/2022\/09\/Perfect-combination-img3_428_521.jpg\" class=\"attachment-full size-full wp-image-1208\" alt=\"\" srcset=\"https:\/\/hamiltonbyyoop.com\/de\/wp-content\/uploads\/sites\/5\/2022\/09\/Perfect-combination-img3_428_521.jpg 428w, https:\/\/hamiltonbyyoop.com\/de\/wp-content\/uploads\/sites\/5\/2022\/09\/Perfect-combination-img3_428_521-246x300.jpg 246w\" sizes=\"(max-width: 428px) 100vw, 428px\" \/>\t\t\t\t\t\t\t\t\t\t\t\t\t<\/div>\n\t\t\t\t<\/div>\n\t\t\t\t\t<\/div>\n\t\t<\/div>\n\t\t\t\t\t<\/div>\n\t\t<\/section>\n\t\t\t\t\t<\/div>\n\t\t<\/div>\n\t\t\t\t\t<\/div>\n\t\t<\/section>\n\t\t\t\t<\/div>\n\t\t","protected":false},"excerpt":{"rendered":"<p>\u00dcber uns Eine echte Innovation auf dem Kinderbuggy-Markt.Der selbstfaltende \u201eMagicFold\u201c-Kinderbuggy von Hamilton by yoop wurde f\u00fcr das moderne Leben in der Stadt, auf dem Land und im Urlaub entwickelt und bietet Komfort und Leichtigkeit mit nur \u201eeiner Hand\u201c.Die Kombination aus unserem patentierten Einhand-Faltsystem mit unserem exklusiven magnetischen 5-Punkt-\u201eMagic\u201c-System bietet ein neues Ma\u00df an Komfort und [&hellip;]<\/p>\n","protected":false},"author":1,"featured_media":0,"parent":0,"menu_order":0,"comment_status":"closed","ping_status":"closed","template":"elementor_header_footer","meta":{"_exactmetrics_skip_tracking":false,"_exactmetrics_sitenote_active":false,"_exactmetrics_sitenote_note":"","_exactmetrics_sitenote_category":0,"ocean_post_layout":"","ocean_both_sidebars_style":"","ocean_both_sidebars_content_width":0,"ocean_both_sidebars_sidebars_width":0,"ocean_sidebar":"","ocean_second_sidebar":"","ocean_disable_margins":"enable","ocean_add_body_class":"","ocean_shortcode_before_top_bar":"","ocean_shortcode_after_top_bar":"","ocean_shortcode_before_header":"","ocean_shortcode_after_header":"","ocean_has_shortcode":"","ocean_shortcode_after_title":"","ocean_shortcode_before_footer_widgets":"","ocean_shortcode_after_footer_widgets":"","ocean_shortcode_before_footer_bottom":"","ocean_shortcode_after_footer_bottom":"","ocean_display_top_bar":"default","ocean_display_header":"default","ocean_header_style":"","ocean_center_header_left_menu":"","ocean_custom_header_template":"","ocean_custom_logo":0,"ocean_custom_retina_logo":0,"ocean_custom_logo_max_width":0,"ocean_custom_logo_tablet_max_width":0,"ocean_custom_logo_mobile_max_width":0,"ocean_custom_logo_max_height":0,"ocean_custom_logo_tablet_max_height":0,"ocean_custom_logo_mobile_max_height":0,"ocean_header_custom_menu":"","ocean_menu_typo_font_family":"","ocean_menu_typo_font_subset":"","ocean_menu_typo_font_size":0,"ocean_menu_typo_font_size_tablet":0,"ocean_menu_typo_font_size_mobile":0,"ocean_menu_typo_font_size_unit":"px","ocean_menu_typo_font_weight":"","ocean_menu_typo_font_weight_tablet":"","ocean_menu_typo_font_weight_mobile":"","ocean_menu_typo_transform":"","ocean_menu_typo_transform_tablet":"","ocean_menu_typo_transform_mobile":"","ocean_menu_typo_line_height":0,"ocean_menu_typo_line_height_tablet":0,"ocean_menu_typo_line_height_mobile":0,"ocean_menu_typo_line_height_unit":"","ocean_menu_typo_spacing":0,"ocean_menu_typo_spacing_tablet":0,"ocean_menu_typo_spacing_mobile":0,"ocean_menu_typo_spacing_unit":"","ocean_menu_link_color":"","ocean_menu_link_color_hover":"","ocean_menu_link_color_active":"","ocean_menu_link_background":"","ocean_menu_link_hover_background":"","ocean_menu_link_active_background":"","ocean_menu_social_links_bg":"","ocean_menu_social_hover_links_bg":"","ocean_menu_social_links_color":"","ocean_menu_social_hover_links_color":"","ocean_disable_title":"default","ocean_disable_heading":"default","ocean_post_title":"","ocean_post_subheading":"","ocean_post_title_style":"","ocean_post_title_background_color":"","ocean_post_title_background":0,"ocean_post_title_bg_image_position":"","ocean_post_title_bg_image_attachment":"","ocean_post_title_bg_image_repeat":"","ocean_post_title_bg_image_size":"","ocean_post_title_height":0,"ocean_post_title_bg_overlay":0.5,"ocean_post_title_bg_overlay_color":"","ocean_disable_breadcrumbs":"default","ocean_breadcrumbs_color":"","ocean_breadcrumbs_separator_color":"","ocean_breadcrumbs_links_color":"","ocean_breadcrumbs_links_hover_color":"","ocean_display_footer_widgets":"default","ocean_display_footer_bottom":"default","ocean_custom_footer_template":"","footnotes":""},"yoast_head":"<!-- This site is optimized with the Yoast SEO plugin v22.8 - https:\/\/yoast.com\/wordpress\/plugins\/seo\/ -->\n<title>About us - Germany (German)<\/title>\n<meta name=\"robots\" content=\"noindex, follow, max-snippet:-1, max-image-preview:large, max-video-preview:-1\" \/>\n<meta property=\"og:locale\" content=\"de_DE\" class=\"yoast-seo-meta-tag\" \/>\n<meta property=\"og:type\" content=\"article\" class=\"yoast-seo-meta-tag\" \/>\n<meta property=\"og:title\" content=\"About us - Germany (German)\" class=\"yoast-seo-meta-tag\" \/>\n<meta property=\"og:description\" content=\"\u00dcber uns Eine echte Innovation auf dem Kinderbuggy-Markt.Der selbstfaltende \u201eMagicFold\u201c-Kinderbuggy von Hamilton by yoop wurde f\u00fcr das moderne Leben in der Stadt, auf dem Land und im Urlaub entwickelt und bietet Komfort und Leichtigkeit mit nur \u201eeiner Hand\u201c.Die Kombination aus unserem patentierten Einhand-Faltsystem mit unserem exklusiven magnetischen 5-Punkt-\u201eMagic\u201c-System bietet ein neues Ma\u00df an Komfort und [&hellip;]\" class=\"yoast-seo-meta-tag\" \/>\n<meta property=\"og:url\" content=\"https:\/\/hamiltonbyyoop.com\/de\/about-us\/\" class=\"yoast-seo-meta-tag\" \/>\n<meta property=\"og:site_name\" content=\"Germany (German)\" class=\"yoast-seo-meta-tag\" \/>\n<meta property=\"article:modified_time\" content=\"2023-03-12T16:04:01+00:00\" class=\"yoast-seo-meta-tag\" \/>\n<meta property=\"og:image\" content=\"https:\/\/hamiltonbyyoop.com\/de\/wp-content\/uploads\/sites\/5\/2022\/09\/Perfect-combination-img3_428_521.jpg\" class=\"yoast-seo-meta-tag\" \/>\n<meta name=\"twitter:card\" content=\"summary_large_image\" class=\"yoast-seo-meta-tag\" \/>\n<meta name=\"twitter:label1\" content=\"Gesch\u00e4tzte Lesezeit\" class=\"yoast-seo-meta-tag\" \/>\n\t<meta name=\"twitter:data1\" content=\"1\u00a0Minute\" class=\"yoast-seo-meta-tag\" \/>\n<script type=\"application\/ld+json\" class=\"yoast-schema-graph\">{\"@context\":\"https:\/\/schema.org\",\"@graph\":[{\"@type\":\"WebPage\",\"@id\":\"https:\/\/hamiltonbyyoop.com\/de\/about-us\/\",\"url\":\"https:\/\/hamiltonbyyoop.com\/de\/about-us\/\",\"name\":\"About us - Germany (German)\",\"isPartOf\":{\"@id\":\"https:\/\/hamiltonbyyoop.com\/de\/#website\"},\"primaryImageOfPage\":{\"@id\":\"https:\/\/hamiltonbyyoop.com\/de\/about-us\/#primaryimage\"},\"image\":{\"@id\":\"https:\/\/hamiltonbyyoop.com\/de\/about-us\/#primaryimage\"},\"thumbnailUrl\":\"https:\/\/hamiltonbyyoop.com\/de\/wp-content\/uploads\/sites\/5\/2022\/09\/Perfect-combination-img3_428_521.jpg\",\"datePublished\":\"2022-08-16T05:24:35+00:00\",\"dateModified\":\"2023-03-12T16:04:01+00:00\",\"breadcrumb\":{\"@id\":\"https:\/\/hamiltonbyyoop.com\/de\/about-us\/#breadcrumb\"},\"inLanguage\":\"de\",\"potentialAction\":[{\"@type\":\"ReadAction\",\"target\":[\"https:\/\/hamiltonbyyoop.com\/de\/about-us\/\"]}]},{\"@type\":\"ImageObject\",\"inLanguage\":\"de\",\"@id\":\"https:\/\/hamiltonbyyoop.com\/de\/about-us\/#primaryimage\",\"url\":\"https:\/\/hamiltonbyyoop.com\/de\/wp-content\/uploads\/sites\/5\/2022\/09\/Perfect-combination-img3_428_521.jpg\",\"contentUrl\":\"https:\/\/hamiltonbyyoop.com\/de\/wp-content\/uploads\/sites\/5\/2022\/09\/Perfect-combination-img3_428_521.jpg\",\"width\":428,\"height\":521},{\"@type\":\"BreadcrumbList\",\"@id\":\"https:\/\/hamiltonbyyoop.com\/de\/about-us\/#breadcrumb\",\"itemListElement\":[{\"@type\":\"ListItem\",\"position\":1,\"name\":\"Home\",\"item\":\"https:\/\/hamiltonbyyoop.com\/de\/\"},{\"@type\":\"ListItem\",\"position\":2,\"name\":\"About us\"}]},{\"@type\":\"WebSite\",\"@id\":\"https:\/\/hamiltonbyyoop.com\/de\/#website\",\"url\":\"https:\/\/hamiltonbyyoop.com\/de\/\",\"name\":\"Germany (German)\",\"description\":\"\",\"publisher\":{\"@id\":\"https:\/\/hamiltonbyyoop.com\/de\/#organization\"},\"potentialAction\":[{\"@type\":\"SearchAction\",\"target\":{\"@type\":\"EntryPoint\",\"urlTemplate\":\"https:\/\/hamiltonbyyoop.com\/de\/?s={search_term_string}\"},\"query-input\":\"required name=search_term_string\"}],\"inLanguage\":\"de\"},{\"@type\":\"Organization\",\"@id\":\"https:\/\/hamiltonbyyoop.com\/de\/#organization\",\"name\":\"Germany (German)\",\"url\":\"https:\/\/hamiltonbyyoop.com\/de\/\",\"logo\":{\"@type\":\"ImageObject\",\"inLanguage\":\"de\",\"@id\":\"https:\/\/hamiltonbyyoop.com\/de\/#\/schema\/logo\/image\/\",\"url\":\"https:\/\/hamiltonbyyoop.com\/de\/wp-content\/uploads\/sites\/5\/2022\/08\/header-logo_white.svg\",\"contentUrl\":\"https:\/\/hamiltonbyyoop.com\/de\/wp-content\/uploads\/sites\/5\/2022\/08\/header-logo_white.svg\",\"width\":445,\"height\":110,\"caption\":\"Germany (German)\"},\"image\":{\"@id\":\"https:\/\/hamiltonbyyoop.com\/de\/#\/schema\/logo\/image\/\"}}]}<\/script>\n<!-- \/ Yoast SEO plugin. -->","yoast_head_json":{"title":"About us - Germany (German)","robots":{"index":"noindex","follow":"follow","max-snippet":"max-snippet:-1","max-image-preview":"max-image-preview:large","max-video-preview":"max-video-preview:-1"},"og_locale":"de_DE","og_type":"article","og_title":"About us - Germany (German)","og_description":"\u00dcber uns Eine echte Innovation auf dem Kinderbuggy-Markt.Der selbstfaltende \u201eMagicFold\u201c-Kinderbuggy von Hamilton by yoop wurde f\u00fcr das moderne Leben in der Stadt, auf dem Land und im Urlaub entwickelt und bietet Komfort und Leichtigkeit mit nur \u201eeiner Hand\u201c.Die Kombination aus unserem patentierten Einhand-Faltsystem mit unserem exklusiven magnetischen 5-Punkt-\u201eMagic\u201c-System bietet ein neues Ma\u00df an Komfort und [&hellip;]","og_url":"https:\/\/hamiltonbyyoop.com\/de\/about-us\/","og_site_name":"Germany (German)","article_modified_time":"2023-03-12T16:04:01+00:00","og_image":[{"url":"https:\/\/hamiltonbyyoop.com\/de\/wp-content\/uploads\/sites\/5\/2022\/09\/Perfect-combination-img3_428_521.jpg"}],"twitter_card":"summary_large_image","twitter_misc":{"Gesch\u00e4tzte Lesezeit":"1\u00a0Minute"},"schema":{"@context":"https:\/\/schema.org","@graph":[{"@type":"WebPage","@id":"https:\/\/hamiltonbyyoop.com\/de\/about-us\/","url":"https:\/\/hamiltonbyyoop.com\/de\/about-us\/","name":"About us - Germany (German)","isPartOf":{"@id":"https:\/\/hamiltonbyyoop.com\/de\/#website"},"primaryImageOfPage":{"@id":"https:\/\/hamiltonbyyoop.com\/de\/about-us\/#primaryimage"},"image":{"@id":"https:\/\/hamiltonbyyoop.com\/de\/about-us\/#primaryimage"},"thumbnailUrl":"https:\/\/hamiltonbyyoop.com\/de\/wp-content\/uploads\/sites\/5\/2022\/09\/Perfect-combination-img3_428_521.jpg","datePublished":"2022-08-16T05:24:35+00:00","dateModified":"2023-03-12T16:04:01+00:00","breadcrumb":{"@id":"https:\/\/hamiltonbyyoop.com\/de\/about-us\/#breadcrumb"},"inLanguage":"de","potentialAction":[{"@type":"ReadAction","target":["https:\/\/hamiltonbyyoop.com\/de\/about-us\/"]}]},{"@type":"ImageObject","inLanguage":"de","@id":"https:\/\/hamiltonbyyoop.com\/de\/about-us\/#primaryimage","url":"https:\/\/hamiltonbyyoop.com\/de\/wp-content\/uploads\/sites\/5\/2022\/09\/Perfect-combination-img3_428_521.jpg","contentUrl":"https:\/\/hamiltonbyyoop.com\/de\/wp-content\/uploads\/sites\/5\/2022\/09\/Perfect-combination-img3_428_521.jpg","width":428,"height":521},{"@type":"BreadcrumbList","@id":"https:\/\/hamiltonbyyoop.com\/de\/about-us\/#breadcrumb","itemListElement":[{"@type":"ListItem","position":1,"name":"Home","item":"https:\/\/hamiltonbyyoop.com\/de\/"},{"@type":"ListItem","position":2,"name":"About us"}]},{"@type":"WebSite","@id":"https:\/\/hamiltonbyyoop.com\/de\/#website","url":"https:\/\/hamiltonbyyoop.com\/de\/","name":"Germany (German)","description":"","publisher":{"@id":"https:\/\/hamiltonbyyoop.com\/de\/#organization"},"potentialAction":[{"@type":"SearchAction","target":{"@type":"EntryPoint","urlTemplate":"https:\/\/hamiltonbyyoop.com\/de\/?s={search_term_string}"},"query-input":"required name=search_term_string"}],"inLanguage":"de"},{"@type":"Organization","@id":"https:\/\/hamiltonbyyoop.com\/de\/#organization","name":"Germany (German)","url":"https:\/\/hamiltonbyyoop.com\/de\/","logo":{"@type":"ImageObject","inLanguage":"de","@id":"https:\/\/hamiltonbyyoop.com\/de\/#\/schema\/logo\/image\/","url":"https:\/\/hamiltonbyyoop.com\/de\/wp-content\/uploads\/sites\/5\/2022\/08\/header-logo_white.svg","contentUrl":"https:\/\/hamiltonbyyoop.com\/de\/wp-content\/uploads\/sites\/5\/2022\/08\/header-logo_white.svg","width":445,"height":110,"caption":"Germany (German)"},"image":{"@id":"https:\/\/hamiltonbyyoop.com\/de\/#\/schema\/logo\/image\/"}}]}},"_links":{"self":[{"href":"https:\/\/hamiltonbyyoop.com\/de\/wp-json\/wp\/v2\/pages\/12"}],"collection":[{"href":"https:\/\/hamiltonbyyoop.com\/de\/wp-json\/wp\/v2\/pages"}],"about":[{"href":"https:\/\/hamiltonbyyoop.com\/de\/wp-json\/wp\/v2\/types\/page"}],"author":[{"embeddable":true,"href":"https:\/\/hamiltonbyyoop.com\/de\/wp-json\/wp\/v2\/users\/1"}],"replies":[{"embeddable":true,"href":"https:\/\/hamiltonbyyoop.com\/de\/wp-json\/wp\/v2\/comments?post=12"}],"version-history":[{"count":0,"href":"https:\/\/hamiltonbyyoop.com\/de\/wp-json\/wp\/v2\/pages\/12\/revisions"}],"wp:attachment":[{"href":"https:\/\/hamiltonbyyoop.com\/de\/wp-json\/wp\/v2\/media?parent=12"}],"curies":[{"name":"wp","href":"https:\/\/api.w.org\/{rel}","templated":true}]}}